{"id":1748,"date":"2022-06-09T21:44:20","date_gmt":"2022-06-09T19:44:20","guid":{"rendered":"https:\/\/www.madagascar-underground.com\/?page_id=1748"},"modified":"2022-08-14T23:03:29","modified_gmt":"2022-08-14T21:03:29","slug":"les-villes-incontournables","status":"publish","type":"page","link":"https:\/\/www.madagascar-underground.com\/en\/decouvrez-lile\/les-villes-incontournables\/","title":{"rendered":"Cities that cannot be missed"},"content":{"rendered":"<div class=\"wp-block-cover alignfull is-light eplus-wrapper\" style=\"min-height:500px\"><span aria-hidden=\"true\" class=\"wp-block-cover__background has-background-dim-0 has-background-dim\"><\/span><img fetchpriority=\"high\" decoding=\"async\" width=\"1173\" height=\"650\" class=\"wp-block-cover__image-background wp-image-2051\" alt=\"\" src=\"https:\/\/www.madagascar-underground.com\/wp-content\/uploads\/2022\/08\/ville-de-mada.png\" style=\"object-position:50% 39%\" data-object-fit=\"cover\" data-object-position=\"50% 39%\" srcset=\"https:\/\/www.madagascar-underground.com\/wp-content\/uploads\/2022\/08\/ville-de-mada.png 1173w, https:\/\/www.madagascar-underground.com\/wp-content\/uploads\/2022\/08\/ville-de-mada-300x166.png 300w, https:\/\/www.madagascar-underground.com\/wp-content\/uploads\/2022\/08\/ville-de-mada-1024x567.png 1024w, https:\/\/www.madagascar-underground.com\/wp-content\/uploads\/2022\/08\/ville-de-mada-768x426.png 768w, https:\/\/www.madagascar-underground.com\/wp-content\/uploads\/2022\/08\/ville-de-mada-18x10.png 18w\" sizes=\"(max-width: 1173px) 100vw, 1173px\" \/><div class=\"wp-block-cover__inner-container is-layout-flow wp-block-cover-is-layout-flow\">\n<p class=\"has-text-align-center has-large-font-size eplus-wrapper\"><\/p>\n<\/div><\/div>\n\n\n<div class=\"wp-block-group alignfull has-ast-global-color-5-background-color has-background eplus-wrapper is-layout-constrained wp-block-group-is-layout-constrained eplus-styles-uid-c8ff51\">\n<h2 class=\"has-text-align-center has-ast-global-color-2-color has-text-color eplus-wrapper wp-block-heading\">D\u00e9couvrez les villes incontournables<\/h2>\n\n\n\n<p class=\"eplus-wrapper\">Madagascar est une \u00eele situ\u00e9e dans l\u2019Oc\u00e9an Indien \u00e0 400km des c\u00f4tes africaines bordant \u00e0 l\u2019ouest et le canal de Mozambique \u00e0 l\u2019Est.<\/p>\n\n\n<ul class=\"eplus-wrapper eplus-styles-uid-b6b2d6\"><li>Les \u00eeles voisines\u00a0: Comores, Mayotte, Maurice, La R\u00e9union.<\/li><li>Surface\u00a0: 587000 km2 et 4800 km2 de c\u00f4tes.<\/li><li>Capitale\u00a0: Antananarivo ou Tananarive.<\/li><li>Langue officielle, malgache mais avec des dialectes sur toute l\u2019\u00eele. Le fran\u00e7ais est une seconde langue officielle.<\/li><li>Monnaie utilis\u00e9e Ariary.<\/li><li>Religion\u00a0: le culte des anc\u00eatres pour plus de la moiti\u00e9, christianisme et religion musulmane d\u00e9partag\u00e9s en parts \u00e9gales.<\/li><\/ul>\n\n\n<p class=\"eplus-wrapper\">Si vous souhaitez visiter Madagascar dans un temps limit\u00e9, voici les villes incontournables. Vous pouvez vous y rendre en voiture, en avion et si vous avez de la chance, en train&#8230;<\/p>\n\n\n<div class=\"wp-block-columns eplus-wrapper is-layout-flex wp-container-core-columns-layout-1 wp-block-columns-is-layout-flex eplus-styles-uid-eb3796\">\n<div class=\"wp-block-column eplus-wrapper is-layout-flow wp-block-column-is-layout-flow\"><div class=\"edplus_anim-1ZnWUC wp-block-cover is-light eplus-wrapper eplus-styles-uid-1fc8ee\"><span aria-hidden=\"true\" class=\"wp-block-cover__background has-ast-global-color-5-background-color has-background-dim-0 has-background-dim\"><\/span><img decoding=\"async\" width=\"857\" height=\"575\" class=\"wp-block-cover__image-background wp-image-2093\" alt=\"\" src=\"https:\/\/www.madagascar-underground.com\/wp-content\/uploads\/2022\/08\/antananarivo-1.jpg\" data-object-fit=\"cover\" srcset=\"https:\/\/www.madagascar-underground.com\/wp-content\/uploads\/2022\/08\/antananarivo-1.jpg 857w, https:\/\/www.madagascar-underground.com\/wp-content\/uploads\/2022\/08\/antananarivo-1-300x201.jpg 300w, https:\/\/www.madagascar-underground.com\/wp-content\/uploads\/2022\/08\/antananarivo-1-768x515.jpg 768w, https:\/\/www.madagascar-underground.com\/wp-content\/uploads\/2022\/08\/antananarivo-1-18x12.jpg 18w\" sizes=\"(max-width: 857px) 100vw, 857px\" \/><div class=\"wp-block-cover__inner-container is-layout-flow wp-block-cover-is-layout-flow\"><h2 class=\"edplus_anim-NtYZCo has-text-align-center has-background eplus-wrapper wp-block-heading eplus-styles-uid-ddac0b\" style=\"background-color:#04456399;font-size:15px\">Antananarivo<\/h2><\/div><\/div><\/div>\n\n\n\n<div class=\"wp-block-column eplus-wrapper is-layout-flow wp-block-column-is-layout-flow\">\n<div class=\"wp-block-cover is-light eplus-wrapper\"><span aria-hidden=\"true\" class=\"wp-block-cover__background has-background-dim-0 has-background-dim\"><\/span><img decoding=\"async\" width=\"870\" height=\"522\" class=\"wp-block-cover__image-background wp-image-2100\" alt=\"\" src=\"https:\/\/www.madagascar-underground.com\/wp-content\/uploads\/2022\/08\/Antsirabe-1.jpg\" data-object-fit=\"cover\" srcset=\"https:\/\/www.madagascar-underground.com\/wp-content\/uploads\/2022\/08\/Antsirabe-1.jpg 870w, https:\/\/www.madagascar-underground.com\/wp-content\/uploads\/2022\/08\/Antsirabe-1-300x180.jpg 300w, https:\/\/www.madagascar-underground.com\/wp-content\/uploads\/2022\/08\/Antsirabe-1-768x461.jpg 768w, https:\/\/www.madagascar-underground.com\/wp-content\/uploads\/2022\/08\/Antsirabe-1-18x12.jpg 18w\" sizes=\"(max-width: 870px) 100vw, 870px\" \/><div class=\"wp-block-cover__inner-container is-layout-flow wp-block-cover-is-layout-flow\"><h2 class=\"has-text-align-center has-background eplus-wrapper wp-block-heading eplus-styles-uid-9f38b7\" style=\"background-color:#04456391;font-size:16px\">Antsirabe<\/h2><\/div><\/div>\n<\/div>\n\n\n\n<div class=\"wp-block-column eplus-wrapper is-layout-flow wp-block-column-is-layout-flow\">\n<div class=\"wp-block-cover is-light eplus-wrapper\"><span aria-hidden=\"true\" class=\"wp-block-cover__background has-background-dim-0 has-background-dim\"><\/span><img loading=\"lazy\" decoding=\"async\" width=\"800\" height=\"533\" class=\"wp-block-cover__image-background wp-image-2104\" alt=\"\" src=\"https:\/\/www.madagascar-underground.com\/wp-content\/uploads\/2022\/08\/Majunga-1.jpg\" data-object-fit=\"cover\" srcset=\"https:\/\/www.madagascar-underground.com\/wp-content\/uploads\/2022\/08\/Majunga-1.jpg 800w, https:\/\/www.madagascar-underground.com\/wp-content\/uploads\/2022\/08\/Majunga-1-300x200.jpg 300w, https:\/\/www.madagascar-underground.com\/wp-content\/uploads\/2022\/08\/Majunga-1-768x512.jpg 768w, https:\/\/www.madagascar-underground.com\/wp-content\/uploads\/2022\/08\/Majunga-1-18x12.jpg 18w\" sizes=\"(max-width: 800px) 100vw, 800px\" \/><div class=\"wp-block-cover__inner-container is-layout-flow wp-block-cover-is-layout-flow\"><h2 class=\"has-text-align-center has-background eplus-wrapper wp-block-heading eplus-styles-uid-9f38b7\" style=\"background-color:#04456394;font-size:16px\">Majunga<\/h2><\/div><\/div>\n<\/div>\n<\/div>\n\n<div class=\"wp-block-columns eplus-wrapper is-layout-flex wp-container-core-columns-layout-2 wp-block-columns-is-layout-flex eplus-styles-uid-debe89\">\n<div class=\"wp-block-column eplus-wrapper is-layout-flow wp-block-column-is-layout-flow\"><div class=\"edplus_anim-1ZnWUC wp-block-cover is-light eplus-wrapper eplus-styles-uid-1fc8ee\"><span aria-hidden=\"true\" class=\"wp-block-cover__background has-ast-global-color-5-background-color has-background-dim-0 has-background-dim\"><\/span><img loading=\"lazy\" decoding=\"async\" width=\"1173\" height=\"650\" class=\"wp-block-cover__image-background wp-image-2051\" alt=\"\" src=\"https:\/\/www.madagascar-underground.com\/wp-content\/uploads\/2022\/08\/ville-de-mada.png\" data-object-fit=\"cover\" srcset=\"https:\/\/www.madagascar-underground.com\/wp-content\/uploads\/2022\/08\/ville-de-mada.png 1173w, https:\/\/www.madagascar-underground.com\/wp-content\/uploads\/2022\/08\/ville-de-mada-300x166.png 300w, https:\/\/www.madagascar-underground.com\/wp-content\/uploads\/2022\/08\/ville-de-mada-1024x567.png 1024w, https:\/\/www.madagascar-underground.com\/wp-content\/uploads\/2022\/08\/ville-de-mada-768x426.png 768w, https:\/\/www.madagascar-underground.com\/wp-content\/uploads\/2022\/08\/ville-de-mada-18x10.png 18w\" sizes=\"(max-width: 1173px) 100vw, 1173px\" \/><div class=\"wp-block-cover__inner-container is-layout-flow wp-block-cover-is-layout-flow\"><h2 class=\"edplus_anim-NtYZCo has-text-align-center has-background eplus-wrapper wp-block-heading eplus-styles-uid-ddac0b\" style=\"background-color:#04456399;font-size:15px\">Toamasina<\/h2><\/div><\/div><\/div>\n\n\n\n<div class=\"wp-block-column eplus-wrapper is-layout-flow wp-block-column-is-layout-flow\">\n<div class=\"wp-block-cover is-light eplus-wrapper\"><span aria-hidden=\"true\" class=\"wp-block-cover__background has-background-dim-0 has-background-dim\"><\/span><img loading=\"lazy\" decoding=\"async\" width=\"640\" height=\"631\" class=\"wp-block-cover__image-background wp-image-2077\" alt=\"Ampefy\" src=\"https:\/\/www.madagascar-underground.com\/wp-content\/uploads\/2022\/08\/Ampefy-edited.jpg\" data-object-fit=\"cover\" srcset=\"https:\/\/www.madagascar-underground.com\/wp-content\/uploads\/2022\/08\/Ampefy-edited.jpg 640w, https:\/\/www.madagascar-underground.com\/wp-content\/uploads\/2022\/08\/Ampefy-edited-300x296.jpg 300w, https:\/\/www.madagascar-underground.com\/wp-content\/uploads\/2022\/08\/Ampefy-edited-12x12.jpg 12w\" sizes=\"(max-width: 640px) 100vw, 640px\" \/><div class=\"wp-block-cover__inner-container is-layout-flow wp-block-cover-is-layout-flow\"><h2 class=\"has-text-align-center has-background eplus-wrapper wp-block-heading eplus-styles-uid-9f38b7\" style=\"background-color:#04456391;font-size:16px\">Ampefy<\/h2><\/div><\/div>\n<\/div>\n\n\n\n<div class=\"wp-block-column eplus-wrapper is-layout-flow wp-block-column-is-layout-flow\">\n<div class=\"wp-block-cover eplus-wrapper\"><span aria-hidden=\"true\" class=\"wp-block-cover__background has-background-dim-0 has-background-dim\"><\/span><img loading=\"lazy\" decoding=\"async\" width=\"2430\" height=\"2417\" class=\"wp-block-cover__image-background wp-image-2087\" alt=\"Morondava\" src=\"https:\/\/www.madagascar-underground.com\/wp-content\/uploads\/2022\/08\/Morondava-edited.jpg\" data-object-fit=\"cover\" srcset=\"https:\/\/www.madagascar-underground.com\/wp-content\/uploads\/2022\/08\/Morondava-edited.jpg 2430w, https:\/\/www.madagascar-underground.com\/wp-content\/uploads\/2022\/08\/Morondava-edited-300x298.jpg 300w, https:\/\/www.madagascar-underground.com\/wp-content\/uploads\/2022\/08\/Morondava-edited-1024x1019.jpg 1024w, https:\/\/www.madagascar-underground.com\/wp-content\/uploads\/2022\/08\/Morondava-edited-150x150.jpg 150w, https:\/\/www.madagascar-underground.com\/wp-content\/uploads\/2022\/08\/Morondava-edited-768x764.jpg 768w, https:\/\/www.madagascar-underground.com\/wp-content\/uploads\/2022\/08\/Morondava-edited-1536x1528.jpg 1536w, https:\/\/www.madagascar-underground.com\/wp-content\/uploads\/2022\/08\/Morondava-edited-2048x2037.jpg 2048w, https:\/\/www.madagascar-underground.com\/wp-content\/uploads\/2022\/08\/Morondava-edited-12x12.jpg 12w\" sizes=\"(max-width: 2430px) 100vw, 2430px\" \/><div class=\"wp-block-cover__inner-container is-layout-flow wp-block-cover-is-layout-flow\"><h2 class=\"has-text-align-center has-background eplus-wrapper wp-block-heading eplus-styles-uid-9f38b7\" style=\"background-color:#04456394;font-size:16px\">Morondava<\/h2><\/div><\/div>\n<\/div>\n<\/div>\n\n\n<h2 class=\"eplus-wrapper wp-block-heading\">Comment se d\u00e9placer \u00e0 Madagascar\u00a0?<\/h2>\n\n\n\n<p class=\"eplus-wrapper\"><strong>Taxi brousse\u00a0: <\/strong>transport public inter r\u00e9gional qui relie une r\u00e9gion \u00e0 une autre. Le plus commun et le plus utilis\u00e9 par tous. S\u00e9curis\u00e9 mais n\u00e9cessite un large temps de s\u00e9jour pour faire plusieurs villes avec.<\/p>\n\n\n\n<p class=\"eplus-wrapper\"><strong>Location de voiture\u00a0: <\/strong>c\u2019est un transport priv\u00e9 donc il est plus cher puisqu\u2019en plus de payer la location de la voiture et du chauffeur, vous devez payer le carburant. Pour un 4&#215;4, cela peut co\u00fbter entre 30 \u00e0 50\u20ac\/jour hors carburant. Par contre la s\u00e9curit\u00e9, le confort ainsi que votre plaisir sera au rendez-vous.<\/p>\n\n\n\n<p class=\"eplus-wrapper\"><strong>L\u2019avion\u00a0: <\/strong>les vols internes sont assez chers, exemple Tana \u2013 Nosy be 115\u20ac, Tana \u2013 Sainte Marie 90\u20ac, Tana \u2013 Diego 105\u20ac en haute saison. Id\u00e9al pour le retour car \u00e0 l\u2019aller, il y a tout de m\u00eame un beau paysage \u00e0 voir.<\/p>\n\n\n\n<p class=\"eplus-wrapper\"><strong>Le train\u00a0: <\/strong>il n\u2019y a qu\u2019une seule ligne que transporte des passagers et c\u2019est via FCE (Fianarantsoa C\u00f4te Est) qui relie Fianarantsoa et Manakara. Il y a le tarif r\u00e9sident et non r\u00e9sident mais il est tout \u00e0 fait abordable. Pensez \u00e0 ramener quelque chose \u00e0 grignoter et une bouteille d\u2019eau, il ne s\u2019agit pas d\u2019un train \u00e0 grande vitesse.<\/p>\n\n\n\n<p class=\"eplus-wrapper\"><strong>Le taxi-ville\u00a0:<\/strong> pour les transports en ville, il est plus s\u00fbr de prendre un taxi surtout si vous avez beaucoup de bagages.<\/p>\n\n\n\n<p class=\"eplus-wrapper\"><strong>Le Taxi-moto\u00a0:<\/strong> si vous n\u2019\u00eates pas fan des embouteillages, et que vous devez faire des petites courses par-ci par-l\u00e0 sur un scooter ou une moto, pas tr\u00e8s cher et c\u2019est devenu le meilleur bon plan en ville depuis 2021. Faites tout de m\u00eame attention \u00e0 y aller avec des recommandations d\u2019une personne \u00e0 l\u2019h\u00f4tel.<\/p>\n\n\n\n<p class=\"eplus-wrapper\"><strong>Le pousse-pousse\u00a0et cyclo-pousse\u00a0: <\/strong>il en existe que dans certaines villes comme Antsirabe, Tamatave, Tul\u00e9ar, le tarif et variable et ils ont tendance \u00e0 l\u2019augmenter pour les touristes. Essayez juste d\u2019\u00eatre le plus humain possible.<\/p>\n\n\n\n<p class=\"eplus-wrapper\"><strong>Charrettes \u00e0 z\u00e9bu, pirogues<\/strong>\u00a0: lorsqu\u2019il n\u2019y a aucun transport commun et que vous ne voyez aucune voiture passer, alors que vous voulez aller d\u2019un village \u00e0 un autre en brousse, le meilleur 4&#215;4 \u00e0 prendre c\u2019est une bonne vielle charrette. \u00c7a peut \u00eatre amusant et les locaux adorent cette relation de proximit\u00e9. Quant \u00e0 la pirogue, elle vous permettra de relier des villages inaccessibles le long d\u2019une rivi\u00e8re ou d\u2019un lagon<\/p>\n<\/div>","protected":false},"excerpt":{"rendered":"<p>D\u00e9couvrez les villes incontournables Madagascar est une \u00eele situ\u00e9e dans l\u2019Oc\u00e9an Indien \u00e0 400km des c\u00f4tes africaines bordant \u00e0 l\u2019ouest et le canal de Mozambique \u00e0 l\u2019Est. Les \u00eeles voisines\u00a0: &hellip;<\/p>\n<p class=\"read-more\"> <a class=\"ast-button\" href=\"https:\/\/www.madagascar-underground.com\/en\/decouvrez-lile\/les-villes-incontournables\/\"> <span class=\"screen-reader-text\">Cities that cannot be missed<\/span> Read More \u00bb<\/a><\/p>","protected":false},"author":1,"featured_media":0,"parent":770,"menu_order":0,"comment_status":"closed","ping_status":"closed","template":"","meta":{"om_disable_all_campaigns":false,"editor_plus_copied_stylings":"{\"epCustomBackgroundHoverEnabled\":true,\"epCustomBackgroundHoverModified\":true}","_monsterinsights_skip_tracking":false,"_monsterinsights_sitenote_active":false,"_monsterinsights_sitenote_note":"","_monsterinsights_sitenote_category":0,"site-sidebar-layout":"default","site-content-layout":"page-builder","ast-global-header-display":"","ast-main-header-display":"","ast-hfb-above-header-display":"","ast-hfb-below-header-display":"","ast-hfb-mobile-header-display":"","site-post-title":"disabled","ast-breadcrumbs-content":"","ast-featured-img":"","footer-sml-layout":"","theme-transparent-header-meta":"","adv-header-id-meta":"","stick-header-meta":"","header-above-stick-meta":"","header-main-stick-meta":"","header-below-stick-meta":"","footnotes":""},"uagb_featured_image_src":{"full":false,"thumbnail":false,"medium":false,"medium_large":false,"large":false,"1536x1536":false,"2048x2048":false,"trp-custom-language-flag":false},"uagb_author_info":{"display_name":"Madagascar Underground","author_link":"https:\/\/www.madagascar-underground.com\/en\/author\/al-lalaina\/"},"uagb_comment_info":0,"uagb_excerpt":"D\u00e9couvrez les villes incontournables Madagascar est une \u00eele situ\u00e9e dans l\u2019Oc\u00e9an Indien \u00e0 400km des c\u00f4tes africaines bordant \u00e0 l\u2019ouest et le canal de Mozambique \u00e0 l\u2019Est. Les \u00eeles voisines\u00a0: &hellip; Les Villes incontournables Read More \u00bb","_links":{"self":[{"href":"https:\/\/www.madagascar-underground.com\/en\/wp-json\/wp\/v2\/pages\/1748"}],"collection":[{"href":"https:\/\/www.madagascar-underground.com\/en\/wp-json\/wp\/v2\/pages"}],"about":[{"href":"https:\/\/www.madagascar-underground.com\/en\/wp-json\/wp\/v2\/types\/page"}],"author":[{"embeddable":true,"href":"https:\/\/www.madagascar-underground.com\/en\/wp-json\/wp\/v2\/users\/1"}],"replies":[{"embeddable":true,"href":"https:\/\/www.madagascar-underground.com\/en\/wp-json\/wp\/v2\/comments?post=1748"}],"version-history":[{"count":45,"href":"https:\/\/www.madagascar-underground.com\/en\/wp-json\/wp\/v2\/pages\/1748\/revisions"}],"predecessor-version":[{"id":2123,"href":"https:\/\/www.madagascar-underground.com\/en\/wp-json\/wp\/v2\/pages\/1748\/revisions\/2123"}],"up":[{"embeddable":true,"href":"https:\/\/www.madagascar-underground.com\/en\/wp-json\/wp\/v2\/pages\/770"}],"wp:attachment":[{"href":"https:\/\/www.madagascar-underground.com\/en\/wp-json\/wp\/v2\/media?parent=1748"}],"curies":[{"name":"wp","href":"https:\/\/api.w.org\/{rel}","templated":true}]}}