{"id":1971,"date":"2022-06-30T16:47:10","date_gmt":"2022-06-30T14:47:10","guid":{"rendered":"https:\/\/www.madagascar-underground.com\/?page_id=1971"},"modified":"2022-08-23T00:40:22","modified_gmt":"2022-08-22T22:40:22","slug":"la-gastronomie-malagasy","status":"publish","type":"page","link":"https:\/\/www.madagascar-underground.com\/en\/decouvrez-lile\/la-gastronomie-malagasy\/","title":{"rendered":"La gastronomie malagasy"},"content":{"rendered":"<div class=\"wp-block-cover alignfull eplus-wrapper\"><span aria-hidden=\"true\" class=\"wp-block-cover__background has-ast-global-color-8-background-color has-background-dim-40 has-background-dim\"><\/span><img fetchpriority=\"high\" decoding=\"async\" width=\"996\" height=\"664\" class=\"wp-block-cover__image-background wp-image-2135\" alt=\"\" src=\"https:\/\/www.madagascar-underground.com\/wp-content\/uploads\/2022\/08\/sakafo.jpg\" style=\"object-position:50% 73%\" data-object-fit=\"cover\" data-object-position=\"50% 73%\" srcset=\"https:\/\/www.madagascar-underground.com\/wp-content\/uploads\/2022\/08\/sakafo.jpg 996w, https:\/\/www.madagascar-underground.com\/wp-content\/uploads\/2022\/08\/sakafo-300x200.jpg 300w, https:\/\/www.madagascar-underground.com\/wp-content\/uploads\/2022\/08\/sakafo-768x512.jpg 768w, https:\/\/www.madagascar-underground.com\/wp-content\/uploads\/2022\/08\/sakafo-18x12.jpg 18w\" sizes=\"(max-width: 996px) 100vw, 996px\" \/><div class=\"wp-block-cover__inner-container is-layout-flow wp-block-cover-is-layout-flow\">\n<p class=\"has-text-align-center has-large-font-size eplus-wrapper\"><\/p>\n<\/div><\/div>\n\n\n\n<div class=\"wp-block-group alignfull has-white-background-color has-background eplus-wrapper is-layout-constrained wp-block-group-is-layout-constrained\">\n<h2 class=\"has-text-align-center has-ast-global-color-2-color has-text-color eplus-wrapper wp-block-heading\">D\u00e9couvrez la gastronomie malagasy<\/h2>\n\n\n\n<p class=\"has-text-align-left has-ast-global-color-3-color has-text-color eplus-wrapper\">La gastronomie Malagasy est tout aussi sp\u00e9ciale et si vous n&rsquo;avez pas le temps de visiter les 22 r\u00e9gions, voici l&rsquo;essentiel \u00e0 savoir sur la sp\u00e9cialit\u00e9 culinaire de chaque r\u00e9gion.<\/p>\n<\/div>\n\n\n\n<div class=\"wp-block-uagb-tabs uagb-block-503f88d3 uagb-tabs__wrap uagb-tabs__vstyle8-desktop uagb-tabs__vstyle6-tablet uagb-tabs__vstyle6-mobile\" data-tab-active=\"0\"><ul class=\"uagb-tabs__panel uagb-tabs__align-left\"><li class=\"uagb-tab uagb-tabs__active\"><a href=\"#uagb-tabs__tab0\" class=\"uagb-tabs-list uagb-tabs__icon-position-left\" data-tab=\"0\"><span>Diana<\/span><\/a><\/li><li class=\"uagb-tab\"><a href=\"#uagb-tabs__tab1\" class=\"uagb-tabs-list uagb-tabs__icon-position-left\" data-tab=\"1\"><span>Sava<\/span><\/a><\/li><li class=\"uagb-tab\"><a href=\"#uagb-tabs__tab2\" class=\"uagb-tabs-list uagb-tabs__icon-position-left\" data-tab=\"2\"><span>Itasy<\/span><\/a><\/li><li class=\"uagb-tab\"><a href=\"#uagb-tabs__tab3\" class=\"uagb-tabs-list uagb-tabs__icon-position-left\" data-tab=\"3\"><span>Analamanga<\/span><\/a><\/li><li class=\"uagb-tab\"><a href=\"#uagb-tabs__tab4\" class=\"uagb-tabs-list uagb-tabs__icon-position-left\" data-tab=\"4\"><span>Vakinankaratra<\/span><\/a><\/li><li class=\"uagb-tab\"><a href=\"#uagb-tabs__tab5\" class=\"uagb-tabs-list uagb-tabs__icon-position-left\" data-tab=\"5\"><span>Bongolava<\/span><\/a><\/li><li class=\"uagb-tab\"><a href=\"#uagb-tabs__tab6\" class=\"uagb-tabs-list uagb-tabs__icon-position-left\" data-tab=\"6\"><span>Sofia<\/span><\/a><\/li><li class=\"uagb-tab\"><a href=\"#uagb-tabs__tab7\" class=\"uagb-tabs-list uagb-tabs__icon-position-left\" data-tab=\"7\"><span>Boeny<\/span><\/a><\/li><li class=\"uagb-tab\"><a href=\"#uagb-tabs__tab8\" class=\"uagb-tabs-list uagb-tabs__icon-position-left\" data-tab=\"8\"><span>Betsiboka<\/span><\/a><\/li><li class=\"uagb-tab\"><a href=\"#uagb-tabs__tab9\" class=\"uagb-tabs-list uagb-tabs__icon-position-left\" data-tab=\"9\"><span>Melaky<\/span><\/a><\/li><li class=\"uagb-tab\"><a href=\"#uagb-tabs__tab10\" class=\"uagb-tabs-list uagb-tabs__icon-position-left\" data-tab=\"10\"><span>Alaotra Mangoro<\/span><\/a><\/li><li class=\"uagb-tab\"><a href=\"#uagb-tabs__tab11\" class=\"uagb-tabs-list uagb-tabs__icon-position-left\" data-tab=\"11\"><span>Atsinanana<\/span><\/a><\/li><li class=\"uagb-tab\"><a href=\"#uagb-tabs__tab12\" class=\"uagb-tabs-list uagb-tabs__icon-position-left\" data-tab=\"12\"><span>Analanjorofo<\/span><\/a><\/li><li class=\"uagb-tab\"><a href=\"#uagb-tabs__tab13\" class=\"uagb-tabs-list uagb-tabs__icon-position-left\" data-tab=\"13\"><span>Amoron\u2019i Mania<\/span><\/a><\/li><li class=\"uagb-tab\"><a href=\"#uagb-tabs__tab14\" class=\"uagb-tabs-list uagb-tabs__icon-position-left\" data-tab=\"14\"><span>Haute Matsiatra<\/span><\/a><\/li><li class=\"uagb-tab\"><a href=\"#uagb-tabs__tab15\" class=\"uagb-tabs-list uagb-tabs__icon-position-left\" data-tab=\"15\"><span>Vatovavy Fitovinany<\/span><\/a><\/li><li class=\"uagb-tab\"><a href=\"#uagb-tabs__tab16\" class=\"uagb-tabs-list uagb-tabs__icon-position-left\" data-tab=\"16\"><span>Atsimo Atsinanana<\/span><\/a><\/li><li class=\"uagb-tab\"><a href=\"#uagb-tabs__tab17\" class=\"uagb-tabs-list uagb-tabs__icon-position-left\" data-tab=\"17\"><span>Ihorombe Ihosy<\/span><\/a><\/li><li class=\"uagb-tab\"><a href=\"#uagb-tabs__tab18\" class=\"uagb-tabs-list uagb-tabs__icon-position-left\" data-tab=\"18\"><span>Menabe<\/span><\/a><\/li><li class=\"uagb-tab\"><a href=\"#uagb-tabs__tab19\" class=\"uagb-tabs-list uagb-tabs__icon-position-left\" data-tab=\"19\"><span>Atsimo Andrefana<\/span><\/a><\/li><li class=\"uagb-tab\"><a href=\"#uagb-tabs__tab20\" class=\"uagb-tabs-list uagb-tabs__icon-position-left\" data-tab=\"20\"><span>Androy<\/span><\/a><\/li><li class=\"uagb-tab\"><a href=\"#uagb-tabs__tab21\" class=\"uagb-tabs-list uagb-tabs__icon-position-left\" data-tab=\"21\"><span>Anosy<\/span><\/a><\/li><\/ul><div class=\"uagb-tabs__body-wrap\">\n<div class=\"wp-block-uagb-tabs-child uagb-tabs__body-container uagb-tabs__inner-tab uagb-inner-tab-0\"><div class=\"uagb-blocks__b6f39223 uagb-tabs__body\" aria-labelledby=\"uagb-tabs__tab0\">\n<p class=\"eplus-wrapper\"><\/p>\n\n\n<div class=\"wp-block-columns alignfull eplus-wrapper is-layout-flex wp-container-core-columns-layout-2 wp-block-columns-is-layout-flex eplus-styles-uid-94d38f\">\n<div class=\"wp-block-column eplus-wrapper is-layout-flow wp-block-column-is-layout-flow\" style=\"flex-basis:50%\">\n<div class=\"wp-block-cover is-light eplus-wrapper\" style=\"min-height:600px\"><span aria-hidden=\"true\" class=\"wp-block-cover__background has-background-dim-100 has-background-dim\" style=\"background-color:#f6f6f6\"><\/span><div class=\"wp-block-cover__inner-container is-layout-flow wp-block-cover-is-layout-flow\">\n<figure class=\"wp-block-image aligncenter size-medium eplus-wrapper\"><img decoding=\"async\" src=\"https:\/\/s.w.org\/patterns\/files\/2021\/06\/wire-sculpture-263x300.jpg\" alt=\"\" class=\"wp-image-571\"><\/figure>\n<\/div><\/div>\n<\/div>\n\n\n\n<div class=\"wp-block-column is-vertically-aligned-center eplus-wrapper is-layout-flow wp-block-column-is-layout-flow\" style=\"padding-top:1em;padding-right:1em;padding-bottom:1em;padding-left:1em\"><div class=\"wp-block-columns eplus-wrapper is-layout-flex wp-container-core-columns-layout-1 wp-block-columns-is-layout-flex eplus-styles-uid-e15661\">\n<div class=\"wp-block-column eplus-wrapper is-layout-flow wp-block-column-is-layout-flow\" style=\"flex-basis:320px\">\n<p class=\"has-text-align-center has-small-font-size eplus-wrapper\" style=\"line-height:1.6\"><strong>Avion<\/strong><\/p>\n\n\n\n<p class=\"has-small-font-size eplus-wrapper\" style=\"line-height:1.6\">Fil de cuivre, base en bois. J\u2019ai cr\u00e9\u00e9 cette pi\u00e8ce \u00e0 la fin de l\u2019ann\u00e9e 2008. Pour cette \u0153uvre, j\u2019ai cherch\u00e9 \u00e0 transmettre \u00e0 la fois la lourdeur industrielle d\u2019un avion, mais aussi la sensation de flottement, semblable \u00e0 celui d\u2019un nuage, que l\u2019on ressent lorsque l\u2019on est dans un avion.<\/p>\n<\/div>\n<\/div><\/div>\n<\/div><\/div><\/div>\n\n\n\n<div class=\"wp-block-uagb-tabs-child uagb-tabs__body-container uagb-tabs__inner-tab uagb-inner-tab-1\"><div class=\"uagb-blocks__9a4171c8 uagb-tabs__body\" aria-labelledby=\"uagb-tabs__tab1\">\n<p class=\"eplus-wrapper\"><\/p>\n<\/div><\/div>\n\n\n\n<div class=\"wp-block-uagb-tabs-child uagb-tabs__body-container uagb-tabs__inner-tab uagb-inner-tab-2\"><div class=\"uagb-blocks__903ebeca uagb-tabs__body\" aria-labelledby=\"uagb-tabs__tab2\">\n<p class=\"eplus-wrapper\"><\/p>\n<\/div><\/div>\n\n\n\n<div class=\"wp-block-uagb-tabs-child uagb-tabs__body-container uagb-tabs__inner-tab uagb-inner-tab-3\"><div class=\"uagb-blocks__ea580a3f uagb-tabs__body\" aria-labelledby=\"uagb-tabs__tab3\">\n<p class=\"eplus-wrapper\"><\/p>\n<\/div><\/div>\n\n\n\n<div class=\"wp-block-uagb-tabs-child uagb-tabs__body-container uagb-tabs__inner-tab uagb-inner-tab-4\"><div class=\"uagb-blocks__1e0d2b97 uagb-tabs__body\" aria-labelledby=\"uagb-tabs__tab4\">\n<p class=\"eplus-wrapper\"><\/p>\n<\/div><\/div>\n\n\n\n<div class=\"wp-block-uagb-tabs-child uagb-tabs__body-container uagb-tabs__inner-tab uagb-inner-tab-5\"><div class=\"uagb-blocks__15d4217a uagb-tabs__body\" aria-labelledby=\"uagb-tabs__tab5\">\n<p class=\"eplus-wrapper\"><\/p>\n<\/div><\/div>\n\n\n\n<div class=\"wp-block-uagb-tabs-child uagb-tabs__body-container uagb-tabs__inner-tab uagb-inner-tab-6\"><div class=\"uagb-blocks__edfe6949 uagb-tabs__body\" aria-labelledby=\"uagb-tabs__tab6\">\n<p class=\"eplus-wrapper\"><\/p>\n<\/div><\/div>\n\n\n\n<div class=\"wp-block-uagb-tabs-child uagb-tabs__body-container uagb-tabs__inner-tab uagb-inner-tab-7\"><div class=\"uagb-blocks__7c50992c uagb-tabs__body\" aria-labelledby=\"uagb-tabs__tab7\">\n<p class=\"eplus-wrapper\"><\/p>\n<\/div><\/div>\n\n\n\n<div class=\"wp-block-uagb-tabs-child uagb-tabs__body-container uagb-tabs__inner-tab uagb-inner-tab-8\"><div class=\"uagb-blocks__5b341efe uagb-tabs__body\" aria-labelledby=\"uagb-tabs__tab8\">\n<p class=\"eplus-wrapper\"><\/p>\n<\/div><\/div>\n\n\n\n<div class=\"wp-block-uagb-tabs-child uagb-tabs__body-container uagb-tabs__inner-tab uagb-inner-tab-9\"><div class=\"uagb-blocks__f094c1bd uagb-tabs__body\" aria-labelledby=\"uagb-tabs__tab9\">\n<p class=\"eplus-wrapper\"><\/p>\n<\/div><\/div>\n\n\n\n<div class=\"wp-block-uagb-tabs-child uagb-tabs__body-container uagb-tabs__inner-tab uagb-inner-tab-10\"><div class=\"uagb-blocks__2d29ace8 uagb-tabs__body\" aria-labelledby=\"uagb-tabs__tab10\">\n<p class=\"eplus-wrapper\"><\/p>\n<\/div><\/div>\n\n\n\n<div class=\"wp-block-uagb-tabs-child uagb-tabs__body-container uagb-tabs__inner-tab uagb-inner-tab-11\"><div class=\"uagb-blocks__59f4ebc1 uagb-tabs__body\" aria-labelledby=\"uagb-tabs__tab11\">\n<p class=\"eplus-wrapper\"><\/p>\n<\/div><\/div>\n\n\n\n<div class=\"wp-block-uagb-tabs-child uagb-tabs__body-container uagb-tabs__inner-tab uagb-inner-tab-12\"><div class=\"uagb-blocks__ffa5b55b uagb-tabs__body\" aria-labelledby=\"uagb-tabs__tab12\">\n<p class=\"eplus-wrapper\"><\/p>\n<\/div><\/div>\n\n\n\n<div class=\"wp-block-uagb-tabs-child uagb-tabs__body-container uagb-tabs__inner-tab uagb-inner-tab-13\"><div class=\"uagb-blocks__93b9422a uagb-tabs__body\" aria-labelledby=\"uagb-tabs__tab13\">\n<p class=\"eplus-wrapper\"><\/p>\n<\/div><\/div>\n\n\n\n<div class=\"wp-block-uagb-tabs-child uagb-tabs__body-container uagb-tabs__inner-tab uagb-inner-tab-14\"><div class=\"uagb-blocks__33b3c6dd uagb-tabs__body\" aria-labelledby=\"uagb-tabs__tab14\">\n<p class=\"eplus-wrapper\"><\/p>\n<\/div><\/div>\n\n\n\n<div class=\"wp-block-uagb-tabs-child uagb-tabs__body-container uagb-tabs__inner-tab uagb-inner-tab-15\"><div class=\"uagb-blocks__04111638 uagb-tabs__body\" aria-labelledby=\"uagb-tabs__tab15\">\n<p class=\"eplus-wrapper\"><\/p>\n<\/div><\/div>\n\n\n\n<div class=\"wp-block-uagb-tabs-child uagb-tabs__body-container uagb-tabs__inner-tab uagb-inner-tab-16\"><div class=\"uagb-blocks__f3742bf5 uagb-tabs__body\" aria-labelledby=\"uagb-tabs__tab16\">\n<p class=\"eplus-wrapper\"><\/p>\n<\/div><\/div>\n\n\n\n<div class=\"wp-block-uagb-tabs-child uagb-tabs__body-container uagb-tabs__inner-tab uagb-inner-tab-17\"><div class=\"uagb-blocks__c635eb4c uagb-tabs__body\" aria-labelledby=\"uagb-tabs__tab17\">\n<p class=\"eplus-wrapper\"><\/p>\n<\/div><\/div>\n\n\n\n<div class=\"wp-block-uagb-tabs-child uagb-tabs__body-container uagb-tabs__inner-tab uagb-inner-tab-18\"><div class=\"uagb-blocks__81a38e10 uagb-tabs__body\" aria-labelledby=\"uagb-tabs__tab18\">\n<p class=\"eplus-wrapper\"><\/p>\n<\/div><\/div>\n\n\n\n<div class=\"wp-block-uagb-tabs-child uagb-tabs__body-container uagb-tabs__inner-tab uagb-inner-tab-19\"><div class=\"uagb-blocks__795ebfe2 uagb-tabs__body\" aria-labelledby=\"uagb-tabs__tab19\">\n<p class=\"eplus-wrapper\"><\/p>\n<\/div><\/div>\n\n\n\n<div class=\"wp-block-uagb-tabs-child uagb-tabs__body-container uagb-tabs__inner-tab uagb-inner-tab-20\"><div class=\"uagb-blocks__69cbbfc9 uagb-tabs__body\" aria-labelledby=\"uagb-tabs__tab20\">\n<p class=\"eplus-wrapper\"><\/p>\n<\/div><\/div>\n\n\n\n<div class=\"wp-block-uagb-tabs-child uagb-tabs__body-container uagb-tabs__inner-tab uagb-inner-tab-21\"><div class=\"uagb-blocks__9672a69f uagb-tabs__body\" aria-labelledby=\"uagb-tabs__tab21\">\n<p class=\"eplus-wrapper\"><\/p>\n<\/div><\/div>\n\n\n\n<div class=\"wp-block-uagb-tabs-child uagb-tabs__body-container uagb-tabs__inner-tab uagb-inner-tab-22\"><div class=\"uagb-blocks__3754238f uagb-tabs__body\" aria-labelledby=\"uagb-tabs__tab22\">\n<p class=\"eplus-wrapper\"><\/p>\n<\/div><\/div>\n<\/div><\/div>\n\n\n\n<div class=\"wp-block-group alignfull ext editor:no-inserter ext-my-0 ext-p-0 eplus-wrapper is-layout-constrained wp-block-group-is-layout-constrained\"><\/div>\n\n\n\n<div class=\"wp-block-group alignfull ext editor:no-inserter ext-my-0 ext-p-0 eplus-wrapper is-layout-constrained wp-block-group-is-layout-constrained\"><\/div>","protected":false},"excerpt":{"rendered":"<p>D\u00e9couvrez la gastronomie malagasy La gastronomie Malagasy est tout aussi sp\u00e9ciale et si vous n&rsquo;avez pas le temps de visiter les 22 r\u00e9gions, voici l&rsquo;essentiel \u00e0 savoir sur la sp\u00e9cialit\u00e9 &hellip;<\/p>\n<p class=\"read-more\"> <a class=\"ast-button\" href=\"https:\/\/www.madagascar-underground.com\/en\/decouvrez-lile\/la-gastronomie-malagasy\/\"> <span class=\"screen-reader-text\">La gastronomie malagasy<\/span> Read More \u00bb<\/a><\/p>","protected":false},"author":1,"featured_media":0,"parent":770,"menu_order":0,"comment_status":"closed","ping_status":"closed","template":"","meta":{"om_disable_all_campaigns":false,"editor_plus_copied_stylings":"{}","_monsterinsights_skip_tracking":false,"_monsterinsights_sitenote_active":false,"_monsterinsights_sitenote_note":"","_monsterinsights_sitenote_category":0,"site-sidebar-layout":"default","site-content-layout":"page-builder","ast-global-header-display":"","ast-main-header-display":"","ast-hfb-above-header-display":"","ast-hfb-below-header-display":"","ast-hfb-mobile-header-display":"","site-post-title":"disabled","ast-breadcrumbs-content":"","ast-featured-img":"","footer-sml-layout":"","theme-transparent-header-meta":"","adv-header-id-meta":"","stick-header-meta":"","header-above-stick-meta":"","header-main-stick-meta":"","header-below-stick-meta":"","footnotes":""},"uagb_featured_image_src":{"full":false,"thumbnail":false,"medium":false,"medium_large":false,"large":false,"1536x1536":false,"2048x2048":false,"trp-custom-language-flag":false},"uagb_author_info":{"display_name":"Madagascar Underground","author_link":"https:\/\/www.madagascar-underground.com\/en\/author\/al-lalaina\/"},"uagb_comment_info":0,"uagb_excerpt":"D\u00e9couvrez la gastronomie malagasy La gastronomie Malagasy est tout aussi sp\u00e9ciale et si vous n&rsquo;avez pas le temps de visiter les 22 r\u00e9gions, voici l&rsquo;essentiel \u00e0 savoir sur la sp\u00e9cialit\u00e9 &hellip; La gastronomie malagasy Read More \u00bb","_links":{"self":[{"href":"https:\/\/www.madagascar-underground.com\/en\/wp-json\/wp\/v2\/pages\/1971"}],"collection":[{"href":"https:\/\/www.madagascar-underground.com\/en\/wp-json\/wp\/v2\/pages"}],"about":[{"href":"https:\/\/www.madagascar-underground.com\/en\/wp-json\/wp\/v2\/types\/page"}],"author":[{"embeddable":true,"href":"https:\/\/www.madagascar-underground.com\/en\/wp-json\/wp\/v2\/users\/1"}],"replies":[{"embeddable":true,"href":"https:\/\/www.madagascar-underground.com\/en\/wp-json\/wp\/v2\/comments?post=1971"}],"version-history":[{"count":8,"href":"https:\/\/www.madagascar-underground.com\/en\/wp-json\/wp\/v2\/pages\/1971\/revisions"}],"predecessor-version":[{"id":2138,"href":"https:\/\/www.madagascar-underground.com\/en\/wp-json\/wp\/v2\/pages\/1971\/revisions\/2138"}],"up":[{"embeddable":true,"href":"https:\/\/www.madagascar-underground.com\/en\/wp-json\/wp\/v2\/pages\/770"}],"wp:attachment":[{"href":"https:\/\/www.madagascar-underground.com\/en\/wp-json\/wp\/v2\/media?parent=1971"}],"curies":[{"name":"wp","href":"https:\/\/api.w.org\/{rel}","templated":true}]}}