{"id":770,"date":"2022-06-04T20:05:17","date_gmt":"2022-06-04T18:05:17","guid":{"rendered":"https:\/\/www.madagascar-underground.com\/?page_id=770"},"modified":"2022-07-01T09:45:02","modified_gmt":"2022-07-01T07:45:02","slug":"decouvrez-lile","status":"publish","type":"page","link":"https:\/\/www.madagascar-underground.com\/en\/decouvrez-lile\/","title":{"rendered":"Decouvrez l&rsquo;\u00eele"},"content":{"rendered":"<div class=\"is-position-center-center wp-block-cover alignfull is-light eplus-wrapper\" style=\"min-height:750px\"><span aria-hidden=\"true\" class=\"wp-block-cover__background has-ast-global-color-5-background-color has-background-dim\"><\/span><img fetchpriority=\"high\" decoding=\"async\" width=\"2560\" height=\"1718\" class=\"wp-block-cover__image-background wp-image-1542\" alt=\"\" src=\"https:\/\/www.madagascar-underground.com\/wp-content\/uploads\/2022\/06\/Mada-scaled.jpg\" style=\"object-position:51% 24%\" data-object-fit=\"cover\" data-object-position=\"51% 24%\" srcset=\"https:\/\/www.madagascar-underground.com\/wp-content\/uploads\/2022\/06\/Mada-scaled.jpg 2560w, https:\/\/www.madagascar-underground.com\/wp-content\/uploads\/2022\/06\/Mada-300x201.jpg 300w, https:\/\/www.madagascar-underground.com\/wp-content\/uploads\/2022\/06\/Mada-1024x687.jpg 1024w, https:\/\/www.madagascar-underground.com\/wp-content\/uploads\/2022\/06\/Mada-768x515.jpg 768w, https:\/\/www.madagascar-underground.com\/wp-content\/uploads\/2022\/06\/Mada-1536x1031.jpg 1536w, https:\/\/www.madagascar-underground.com\/wp-content\/uploads\/2022\/06\/Mada-2048x1374.jpg 2048w, https:\/\/www.madagascar-underground.com\/wp-content\/uploads\/2022\/06\/Mada-18x12.jpg 18w\" sizes=\"(max-width: 2560px) 100vw, 2560px\" \/><div class=\"wp-block-cover__inner-container is-layout-flow wp-block-cover-is-layout-flow\"><h1 class=\"animated backInDown delay-100ms slow edplus_anim-CvkHhr has-text-align-center has-text-color eplus-wrapper wp-block-heading eplus-styles-uid-38230d\" style=\"color:#044564\">Bienvenue \u00e0 Madagascar<\/h1>\n\n\n<div class=\"wp-block-buttons eplus-wrapper is-horizontal is-content-justification-center is-layout-flex wp-container-core-buttons-layout-1 wp-block-buttons-is-layout-flex\"><\/div>\n<\/div><\/div>\n\n\n\n<div class=\"wp-block-group alignfull has-white-background-color has-background eplus-wrapper is-layout-flow wp-block-group-is-layout-flow\">\n<hr class=\"aligncenter wp-block-separator has-text-color has-black-color has-alpha-channel-opacity has-black-background-color has-background eplus-wrapper\"\/>\n\n\n<h3 class=\"has-text-align-center has-text-color eplus-wrapper wp-block-heading eplus-styles-uid-d04951\" style=\"color:#044564\">Vous Vous trouvez sur une \u00eele unique&#8230;<\/h3>\n\n<p class=\"has-ast-global-color-6-color has-text-color eplus-wrapper eplus-styles-uid-b0c8e4\">Bien s\u00fbr, <strong>Madagascar est une \u00eele unique<\/strong> puisque tout la rend unique : son emplacement, sa culture, sa faune et sa flore et surtout, son peuple\u2026 Notre \u00eele a tant de tr\u00e9sors cach\u00e9s encore, mais ceux qu\u2019on a d\u00e9j\u00e0 d\u00e9couverts peuvent vous \u00e9merveiller !<\/p>\n\n<p class=\"has-ast-global-color-6-color has-text-color eplus-wrapper eplus-styles-uid-5920a7\">Il y a aussi tant de mani\u00e8res de d\u00e9couvrir l&rsquo;\u00eele rouge, mais si vous ne savez pas par o\u00f9 commencer, nous vous sugg\u00e9rons de <strong>follow this little guide<\/strong>. Si vous avez encore faim de d\u00e9couverte apr\u00e8s avoir vu l\u2019essentiel, nous sommes l\u00e0 pour vous guider au mieux.<\/p>\n\n\n<hr class=\"aligncenter wp-block-separator has-text-color has-black-color has-alpha-channel-opacity has-black-background-color has-background eplus-wrapper\"\/>\n<\/div>\n\n\n\n<div class=\"wp-block-group alignfull has-ast-global-color-5-background-color has-background eplus-wrapper is-layout-flow wp-block-group-is-layout-flow\"><div class=\"animated zoomIn delay-100ms wp-block-columns alignwide are-vertically-aligned-top has-ast-global-color-5-background-color has-background eplus-wrapper is-layout-flex wp-container-core-columns-layout-1 wp-block-columns-is-layout-flex eplus-styles-uid-9807e4\"><div class=\"animated zoomIn wp-block-column is-vertically-aligned-top has-ast-global-color-5-background-color has-background eplus-wrapper is-layout-flow wp-block-column-is-layout-flow eplus-styles-uid-865a47\">\n<div style=\"height:20px\" aria-hidden=\"true\" class=\"wp-block-spacer eplus-wrapper\"><\/div>\n\n\n<h3 class=\"has-text-align-center has-ast-global-color-2-color has-text-color eplus-wrapper wp-block-heading eplus-styles-uid-a0f254\">Cities that cannot be missed<\/h3>\n\n\n<figure class=\"is-style-default wp-block-image aligncenter size-full is-resized eplus-wrapper\"><img decoding=\"async\" src=\"https:\/\/www.madagascar-underground.com\/wp-content\/uploads\/2022\/06\/bira4-edited-1.png\" alt=\"\" class=\"wp-image-1515\" width=\"200\" height=\"300\"><\/figure>\n\n\n<p class=\"has-ast-global-color-6-color has-text-color eplus-wrapper eplus-styles-uid-68f97c\">Il existe pr\u00e8s de 200 villes \u00e0 Madagascar et si vous ne restez pas tr\u00e8s longtemps, voici les villes qu\u2019il ne faut surtout pas manquer.<\/p>\n\n<div class=\"wp-block-buttons eplus-wrapper is-content-justification-center is-layout-flex wp-container-core-buttons-layout-2 wp-block-buttons-is-layout-flex eplus-styles-uid-6f1ebc\"><div class=\"animated bounceIn is-style-fill wp-block-button eplus-wrapper eplus-styles-uid-149a7e\"><a class=\"wp-block-button__link\" href=\"https:\/\/www.madagascar-underground.com\/en\/decouvrez-lile\/les-villes-incontournables\/\" target=\"_blank\" rel=\"noreferrer noopener\">LEARN MORE<\/a><\/div><\/div>\n\n\n<div style=\"height:20px\" aria-hidden=\"true\" class=\"wp-block-spacer eplus-wrapper\"><\/div>\n<\/div>\n\n<div class=\"wp-block-column is-vertically-aligned-top has-ast-global-color-8-background-color has-background eplus-wrapper is-layout-flow wp-block-column-is-layout-flow eplus-styles-uid-811c1b\">\n<div style=\"height:20px\" aria-hidden=\"true\" class=\"wp-block-spacer eplus-wrapper\"><\/div>\n\n\n<h3 class=\"has-text-align-center has-ast-global-color-2-color has-text-color eplus-wrapper wp-block-heading eplus-styles-uid-a0f254\">La faune et la flore end\u00e9miques<\/h3>\n\n\n<figure class=\"wp-block-image aligncenter size-large is-resized eplus-wrapper\"><img decoding=\"async\" src=\"https:\/\/www.madagascar-underground.com\/wp-content\/uploads\/2022\/06\/cover-edited-1.png\" alt=\"\" class=\"wp-image-1517\" width=\"200\" height=\"300\"><\/figure>\n\n\n<p class=\"has-ast-global-color-6-color has-text-color eplus-wrapper eplus-styles-uid-6bcb39\">Madagascar est mondialement connue pour sa faune et flore uniques. Ici, vous aurez un petit aper\u00e7u, mais la r\u00e9alit\u00e9 est encore plus int\u00e9ressante <\/p>\n\n<div class=\"wp-block-buttons eplus-wrapper is-content-justification-center is-layout-flex wp-container-core-buttons-layout-3 wp-block-buttons-is-layout-flex eplus-styles-uid-014dc9\"><div class=\"wp-block-button eplus-wrapper eplus-styles-uid-b920e4\"><a class=\"wp-block-button__link\" href=\"https:\/\/www.madagascar-underground.com\/en\/decouvrez-lile\/la-faune-et-la-flore-endemiques\/\" target=\"_blank\" rel=\"noreferrer noopener\">LEARN MORE<\/a><\/div><\/div>\n\n\n<div style=\"height:20px\" aria-hidden=\"true\" class=\"wp-block-spacer eplus-wrapper\"><\/div>\n<\/div>\n\n<div class=\"wp-block-column is-vertically-aligned-top has-ast-global-color-5-background-color has-background eplus-wrapper is-layout-flow wp-block-column-is-layout-flow eplus-styles-uid-d8b52a\">\n<div style=\"height:20px\" aria-hidden=\"true\" class=\"wp-block-spacer eplus-wrapper\"><\/div>\n\n\n<h3 class=\"has-text-align-center has-ast-global-color-2-color has-text-color eplus-wrapper wp-block-heading eplus-styles-uid-a0f254\">The most beautiful national parks<\/h3>\n\n\n<figure class=\"is-style-default wp-block-image aligncenter size-large is-resized eplus-wrapper\"><img loading=\"lazy\" decoding=\"async\" src=\"https:\/\/www.madagascar-underground.com\/wp-content\/uploads\/2022\/06\/backpackers1-edited.jpg\" alt=\"backpackers1\" class=\"wp-image-1518\" width=\"200\" height=\"300\"><\/figure>\n\n\n<p class=\"has-ast-global-color-6-color has-text-color eplus-wrapper eplus-styles-uid-68f97c\">Parcs Nationaux, r\u00e9serves naturelles, sites prot\u00e9g\u00e9s\u2026 On n\u2019en manque pas chez nous et vous en trouverez dans chaque r\u00e9gion que vous visiterez ! Voici les incontournables&#8230;<\/p>\n\n\n<div class=\"wp-block-buttons eplus-wrapper is-content-justification-center is-layout-flex wp-container-core-buttons-layout-4 wp-block-buttons-is-layout-flex\"><div class=\"wp-block-button eplus-wrapper eplus-styles-uid-684cbb\"><a class=\"wp-block-button__link\" href=\"https:\/\/www.madagascar-underground.com\/en\/decouvrez-lile\/les-plus-beaux-parcs-nationaux\/\" target=\"_blank\" rel=\"noreferrer noopener\">LEARN MORE<\/a><\/div><\/div>\n\n\n\n<div style=\"height:20px\" aria-hidden=\"true\" class=\"wp-block-spacer eplus-wrapper\"><\/div>\n<\/div><\/div>\n\n<div class=\"animated zoomIn slow wp-block-columns alignwide are-vertically-aligned-top has-ast-global-color-5-background-color has-background eplus-wrapper is-layout-flex wp-container-core-columns-layout-2 wp-block-columns-is-layout-flex eplus-styles-uid-16aa21\"><div class=\"wp-block-column is-vertically-aligned-top has-ast-global-color-8-background-color has-background eplus-wrapper is-layout-flow wp-block-column-is-layout-flow eplus-styles-uid-811c1b\"><h3 class=\"has-text-align-center has-ast-global-color-2-color has-text-color eplus-wrapper wp-block-heading eplus-styles-uid-a0f254\">The Malagasy Gastronomy<\/h3>\n\n\n<figure class=\"wp-block-image aligncenter size-large is-resized eplus-wrapper\"><img loading=\"lazy\" decoding=\"async\" src=\"https:\/\/www.madagascar-underground.com\/wp-content\/uploads\/2022\/06\/16-edited.jpg\" alt=\"\" class=\"wp-image-1519\" width=\"200\" height=\"300\"><\/figure>\n\n\n<p class=\"has-ast-global-color-6-color has-text-color eplus-wrapper eplus-styles-uid-13eb79\">Madagascar est aussi connue pour sa cuisine traditionnelle unique. D\u2019ailleurs, comme on compte 22 r\u00e9gions sur l\u2019\u00eele, vous pouvez donc esp\u00e9rer 22 plats uniques, au moins !<\/p>\n\n\n<div class=\"wp-block-buttons eplus-wrapper is-content-justification-center is-layout-flex wp-container-core-buttons-layout-5 wp-block-buttons-is-layout-flex\"><div class=\"wp-block-button eplus-wrapper eplus-styles-uid-701336\"><a class=\"wp-block-button__link\" href=\"https:\/\/www.madagascar-underground.com\/en\/decouvrez-lile\/la-gastronomie-malagasy\/\" target=\"_blank\" rel=\"noreferrer noopener\">LEARN MORE<\/a><\/div><\/div>\n\n\n\n<div style=\"height:20px\" aria-hidden=\"true\" class=\"wp-block-spacer eplus-wrapper\"><\/div>\n<\/div>\n\n<div class=\"wp-block-column is-vertically-aligned-top has-ast-global-color-5-background-color has-background eplus-wrapper is-layout-flow wp-block-column-is-layout-flow eplus-styles-uid-811c1b\"><h3 class=\"has-text-align-center has-ast-global-color-2-color has-text-color eplus-wrapper wp-block-heading eplus-styles-uid-a0f254\">The unique Malagasy culture<\/h3>\n\n\n<figure class=\"is-style-default wp-block-image aligncenter size-large is-resized eplus-wrapper\"><img loading=\"lazy\" decoding=\"async\" src=\"https:\/\/www.madagascar-underground.com\/wp-content\/uploads\/2022\/06\/BIRA2-1-edited.png\" alt=\"\" class=\"wp-image-1520\" width=\"200\" height=\"300\"><\/figure>\n\n\n<p class=\"has-ast-global-color-6-color has-text-color eplus-wrapper eplus-styles-uid-13eb79\">Madagascar se d\u00e9marque des autres \u00eeles du monde par la vari\u00e9t\u00e9 de sa culture. Comme le sujet est assez complexe, voici l\u2019essentiel \u00e0 retenir.<\/p>\n\n\n<div class=\"wp-block-buttons eplus-wrapper is-content-justification-center is-layout-flex wp-container-core-buttons-layout-6 wp-block-buttons-is-layout-flex\"><div class=\"wp-block-button eplus-wrapper eplus-styles-uid-1b7517\"><a class=\"wp-block-button__link\" href=\"https:\/\/www.madagascar-underground.com\/en\/decouvrez-lile\/la-culture-malagasy-unique\/\" target=\"_blank\" rel=\"noreferrer noopener\">LEARN MORE<\/a><\/div><\/div>\n\n\n\n<div style=\"height:20px\" aria-hidden=\"true\" class=\"wp-block-spacer eplus-wrapper\"><\/div>\n<\/div>\n\n<div class=\"wp-block-column is-vertically-aligned-top has-ast-global-color-8-background-color has-background eplus-wrapper is-layout-flow wp-block-column-is-layout-flow eplus-styles-uid-4fbd2c\"><h3 class=\"has-text-align-center has-ast-global-color-2-color has-text-color eplus-wrapper wp-block-heading eplus-styles-uid-cef56f\">Les belles plages \u00e0 visiter<\/h3>\n\n\n<figure class=\"wp-block-image aligncenter size-large is-resized eplus-wrapper\"><img loading=\"lazy\" decoding=\"async\" src=\"https:\/\/www.madagascar-underground.com\/wp-content\/uploads\/2022\/06\/Bira-edited.jpg\" alt=\"\" class=\"wp-image-1521\" width=\"200\" height=\"300\"><\/figure>\n\n\n<p class=\"has-ast-global-color-6-color has-text-color eplus-wrapper eplus-styles-uid-68f97c\">Rendez votre s\u00e9jour \u00e0 Madagascar inoubliable en visitant une de ces plages, que l\u2019on ne trouve que chez nous\u2026 Au Nord, au Sud, \u00e0 l&rsquo;Ouest ou \u00e0 l&rsquo;Est, tout est unique !<\/p>\n\n\n<div class=\"wp-block-buttons eplus-wrapper is-content-justification-center is-layout-flex wp-container-core-buttons-layout-7 wp-block-buttons-is-layout-flex\"><div class=\"wp-block-button eplus-wrapper eplus-styles-uid-88a2c8\"><a class=\"wp-block-button__link\" href=\"https:\/\/www.madagascar-underground.com\/en\/decouvrez-lile\/les-belles-plages-a-visiter\/\" target=\"_blank\" rel=\"noreferrer noopener\">LEARN MORE<\/a><\/div><\/div>\n\n\n\n<div style=\"height:20px\" aria-hidden=\"true\" class=\"wp-block-spacer eplus-wrapper\"><\/div>\n<\/div><\/div><\/div>","protected":false},"excerpt":{"rendered":"<p>Vous Vous trouvez sur une \u00eele unique&#8230; Bien s\u00fbr, Madagascar est une \u00eele unique puisque tout la rend unique : son emplacement, sa culture, sa faune et sa flore et &hellip;<\/p>\n<p class=\"read-more\"> <a class=\"ast-button\" href=\"https:\/\/www.madagascar-underground.com\/en\/decouvrez-lile\/\"> <span class=\"screen-reader-text\">Decouvrez l&rsquo;\u00eele<\/span> Read More \u00bb<\/a><\/p>","protected":false},"author":1,"featured_media":0,"parent":0,"menu_order":0,"comment_status":"closed","ping_status":"closed","template":"elementor_theme","meta":{"om_disable_all_campaigns":false,"editor_plus_copied_stylings":"{\"epCustomTypographyHover\":{\"lineHeight\":{\"value\":\"\",\"important\":false,\"unit\":\"px\"},\"fontSize\":{\"value\":\"\",\"important\":false,\"unit\":\"px\"},\"letterSpacing\":{\"value\":\"\",\"important\":false,\"unit\":\"px\"},\"fontWeight\":null,\"textStyle\":[],\"textColor\":{\"color\":\"#ffffff\",\"imp\":true},\"underline\":{\"color\":\"\",\"style\":\"\"},\"lineThrough\":{\"color\":\"\",\"style\":\"\"},\"textAlignment\":\"\"},\"epCustomTypographyHoverEnabled\":true,\"epCustomTypographyHoverModified\":true,\"epCustomTypographyResponsiveEnabled\":true}","_monsterinsights_skip_tracking":false,"_monsterinsights_sitenote_active":false,"_monsterinsights_sitenote_note":"","_monsterinsights_sitenote_category":0,"site-sidebar-layout":"default","site-content-layout":"page-builder","ast-global-header-display":"","ast-main-header-display":"","ast-hfb-above-header-display":"","ast-hfb-below-header-display":"","ast-hfb-mobile-header-display":"","site-post-title":"disabled","ast-breadcrumbs-content":"","ast-featured-img":"","footer-sml-layout":"","theme-transparent-header-meta":"","adv-header-id-meta":"","stick-header-meta":"","header-above-stick-meta":"","header-main-stick-meta":"","header-below-stick-meta":"","footnotes":""},"uagb_featured_image_src":{"full":false,"thumbnail":false,"medium":false,"medium_large":false,"large":false,"1536x1536":false,"2048x2048":false,"trp-custom-language-flag":false},"uagb_author_info":{"display_name":"Madagascar Underground","author_link":"https:\/\/www.madagascar-underground.com\/en\/author\/al-lalaina\/"},"uagb_comment_info":0,"uagb_excerpt":"Vous Vous trouvez sur une \u00eele unique&#8230; Bien s\u00fbr, Madagascar est une \u00eele unique puisque tout la rend unique : son emplacement, sa culture, sa faune et sa flore et &hellip; Decouvrez l&rsquo;\u00eele Read More \u00bb","_links":{"self":[{"href":"https:\/\/www.madagascar-underground.com\/en\/wp-json\/wp\/v2\/pages\/770"}],"collection":[{"href":"https:\/\/www.madagascar-underground.com\/en\/wp-json\/wp\/v2\/pages"}],"about":[{"href":"https:\/\/www.madagascar-underground.com\/en\/wp-json\/wp\/v2\/types\/page"}],"author":[{"embeddable":true,"href":"https:\/\/www.madagascar-underground.com\/en\/wp-json\/wp\/v2\/users\/1"}],"replies":[{"embeddable":true,"href":"https:\/\/www.madagascar-underground.com\/en\/wp-json\/wp\/v2\/comments?post=770"}],"version-history":[{"count":318,"href":"https:\/\/www.madagascar-underground.com\/en\/wp-json\/wp\/v2\/pages\/770\/revisions"}],"predecessor-version":[{"id":2004,"href":"https:\/\/www.madagascar-underground.com\/en\/wp-json\/wp\/v2\/pages\/770\/revisions\/2004"}],"wp:attachment":[{"href":"https:\/\/www.madagascar-underground.com\/en\/wp-json\/wp\/v2\/media?parent=770"}],"curies":[{"name":"wp","href":"https:\/\/api.w.org\/{rel}","templated":true}]}}